{"id":22061,"date":"2025-04-25T16:20:21","date_gmt":"2025-04-25T09:20:21","guid":{"rendered":"https:\/\/shadeofhue.com\/?page_id=22061"},"modified":"2025-05-08T14:51:49","modified_gmt":"2025-05-08T07:51:49","slug":"step2aiqa-learning-series","status":"publish","type":"page","link":"https:\/\/shadeofhue.com\/vi\/step2aiqa-learning-series\/","title":{"rendered":"Chu\u1ed7i b\u00e0i h\u1ecdc STeP2AIQA"},"content":{"rendered":"<div class=\"wp-block-group row road-map-wrap has-inter-font-family\" style=\"font-size:18px\"><div class=\"wp-block-group__inner-container is-layout-constrained wp-block-group-is-layout-constrained\">\n<div class=\"wp-block-group is-content-justification-center\" style=\"margin-top:0;margin-bottom:0;padding-top:calc( 0.5 * var(--wp--style--root--padding-right, var(--wp--custom--gap--horizontal)));padding-right:var(--wp--style--root--padding-right, var(--wp--custom--gap--horizontal));padding-bottom:calc( 0.5 * var(--wp--style--root--padding-right, var(--wp--custom--gap--horizontal)));padding-left:var(--wp--style--root--padding-left, var(--wp--custom--gap--horizontal))\"><div class=\"wp-block-group__inner-container is-layout-constrained wp-container-core-group-is-layout-b073b61b wp-block-group-is-layout-constrained\">\n<div style=\"height:calc( 0.25 * var(--wp--style--root--padding-right, var(--wp--custom--gap--horizontal)))\" aria-hidden=\"true\" class=\"wp-block-spacer\"><\/div>\n\n\n\n<div class=\"wp-block-group learning-series is-nowrap is-layout-flex wp-container-core-group-is-layout-64989fb1 wp-block-group-is-layout-flex\">\n<figure class=\"wp-block-image size-full learning-series-item\"><img fetchpriority=\"high\" decoding=\"async\" width=\"872\" height=\"520\" src=\"https:\/\/shadeofhue.com\/wp-content\/uploads\/2025\/05\/technology-5917370_1280-1.png\" alt=\"\" class=\"wp-image-22221\"\/><\/figure>\n\n\n\n<div class=\"wp-block-group learning-series-item is-vertical is-layout-flex wp-container-core-group-is-layout-8cf370e7 wp-block-group-is-layout-flex\">\n<h2 class=\"wp-block-heading\">Chu\u1ed7i b\u00e0i h\u1ecdc<\/h2>\n\n\n\n<p><a href=\"https:\/\/shadeofhue.com\/vi\/courses\/pragmatic-software-test-engineer\/\" data-type=\"link\" data-id=\"https:\/\/shadeofhue.com\/courses\/pragmatic-software-test-engineer\/\" target=\"_blank\" rel=\"noreferrer noopener\">Pragmatic Software Test Engineers<\/a><\/p>\n\n\n\n<p><a href=\"https:\/\/shadeofhue.com\/vi\/courses\/test-automation-engineering-with-selenium\/\" data-type=\"link\" data-id=\"https:\/\/shadeofhue.com\/courses\/test-automation-engineering-with-selenium\/\" target=\"_blank\" rel=\"noreferrer noopener\">Test Automation Engineering (v\u1edbi Selenium)<\/a><\/p>\n\n\n\n<p><a href=\"https:\/\/shadeofhue.com\/vi\/courses\/ai-assisted-software-testing\/\" data-type=\"link\" data-id=\"https:\/\/shadeofhue.com\/courses\/ai-assisted-software-testing\/\" target=\"_blank\" rel=\"noreferrer noopener\">Ki\u1ec3m th\u1eed h\u1ec7 th\u1ed1ng AI v\u00e0 ki\u1ec3m th\u1eed c\u00f9ng AI<\/a><\/p>\n\n\n\n<p><a href=\"#python\" data-type=\"internal\" data-id=\"#python\">Python<\/a><\/p>\n\n\n\n<p><a href=\"#api-testing\" data-type=\"internal\" data-id=\"#api-testing\">Ph\u01b0\u01a1ng ph\u00e1p v\u00e0 c\u00f4ng c\u1ee5 ki\u1ec3m tra API<\/a><\/p>\n\n\n\n<p><a href=\"#english\" data-type=\"internal\" data-id=\"#english\">English (N\u1ebfu ti\u1ebfng Anh l\u00e0 ng\u00f4n ng\u1eef th\u1ee9 hai c\u1ee7a b\u1ea1n)<\/a><\/p>\n<\/div>\n<\/div>\n<\/div><\/div>\n\n\n\n<div style=\"height:100px\" aria-hidden=\"true\" class=\"wp-block-spacer\"><\/div>\n\n\n\n<p class=\"has-text-align-center has-text-color has-link-color wp-elements-63d5a44543f48de03c8d2bdf848e669a\" style=\"color:#000000;font-size:32px\"><strong>C\u00e1c kh\u00f3a h\u1ecdc \u0111\u01b0\u1ee3c tuy\u1ec3n ch\u1ecdn v\u00e0 \u0111\u1ec1 xu\u1ea5t MI\u1ec4N PH\u00cd<\/strong><\/p>\n\n\n\n<div style=\"height:100px\" aria-hidden=\"true\" class=\"wp-block-spacer\"><\/div>\n\n\n\n<div class=\"wp-block-group learning-series-item-wrap is-content-justification-center is-nowrap is-layout-flex wp-container-core-group-is-layout-079bfc22 wp-block-group-is-layout-flex\">\n<div id=\"python\" class=\"wp-block-group learning-series-item is-vertical is-content-justification-left is-layout-flex wp-container-core-group-is-layout-155a8886 wp-block-group-is-layout-flex\" style=\"margin-top:0;margin-bottom:0;padding-top:calc( 0.5 * var(--wp--style--root--padding-right, var(--wp--custom--gap--horizontal)));padding-right:var(--wp--style--root--padding-right, var(--wp--custom--gap--horizontal));padding-bottom:calc( 0.5 * var(--wp--style--root--padding-right, var(--wp--custom--gap--horizontal)));padding-left:var(--wp--style--root--padding-left, var(--wp--custom--gap--horizontal))\">\n<figure class=\"wp-block-image size-full is-resized learning-image\"><img decoding=\"async\" width=\"322\" height=\"322\" src=\"https:\/\/shadeofhue.com\/wp-content\/uploads\/2025\/05\/code-6127616_1280-1.png\" alt=\"\" class=\"wp-image-22222\" style=\"object-fit:cover;width:429px;height:300px\"\/><\/figure>\n\n\n\n<div class=\"wp-block-group w-full is-nowrap is-layout-flex wp-container-core-group-is-layout-ad2f72ca wp-block-group-is-layout-flex\">\n<figure class=\"wp-block-image size-full is-resized\"><img decoding=\"async\" width=\"60\" height=\"48\" src=\"https:\/\/shadeofhue.com\/wp-content\/uploads\/2025\/05\/Vector.png\" alt=\"\" class=\"wp-image-22224\" style=\"width:25px;height:auto\"\/><\/figure>\n\n\n\n<h2 class=\"wp-block-heading has-roboto-font-family has-custom-font\" style=\"font-family:Roboto\">Python<\/h2>\n<\/div>\n\n\n\n<p class=\"width-full has-roboto-font-family has-custom-font\" style=\"font-family:Roboto\"><strong>AI Python for Beginners by Andrew Ng<\/strong><\/p>\n\n\n\n<p class=\"width-full has-roboto-font-family has-custom-font translation-block\" style=\"font-family:Roboto\"><a href=\"https:\/\/learn.deeplearning.ai\/courses\/ai-python-for-beginners\/\" data-type=\"link\" data-id=\"https:\/\/learn.deeplearning.ai\/courses\/ai-python-for-beginners\/\" target=\"_blank\" rel=\"noreferrer noopener\">Li\u00ean k\u1ebft kh\u00f3a h\u1ecdc<\/a><br>Th\u1eddi l\u01b0\u1ee3ng video: 4 gi\u1edd 15 ph\u00fat (D\u1ef1 ki\u1ebfn t\u1eeb 20 \u0111\u1ebfn 40 gi\u1edd \u0111\u1ec3 n\u1eafm v\u1eefng n\u1ed9i dung).<br>AI Python for Beginners l\u00e0 kh\u00f3a h\u1ecdc mi\u1ec5n ph\u00ed, d\u00e0nh cho ng\u01b0\u1eddi m\u1edbi b\u1eaft \u0111\u1ea7u c\u1ee7a Andrew Ng, \u0111\u01b0\u1ee3c cung c\u1ea5p th\u00f4ng qua DeepLearning.AI. \u0110\u01b0\u1ee3c thi\u1ebft k\u1ebf d\u00e0nh cho nh\u1eefng ng\u01b0\u1eddi c\u00f3 \u00edt ho\u1eb7c ch\u01b0a c\u00f3 kinh nghi\u1ec7m l\u1eadp tr\u00ecnh, kh\u00f3a h\u1ecdc n\u00e0y gi\u1edbi thi\u1ec7u nh\u1eefng ki\u1ebfn th\u1ee9c c\u01a1 b\u1ea3n v\u1ec1 l\u1eadp tr\u00ecnh Python v\u1edbi m\u1ed9t \u0111i\u1ec3m \u0111\u1ed9c \u0111\u00e1o: t\u00edch h\u1ee3p tr\u1ee3 l\u00fd AI \u0111\u1ec3 n\u00e2ng cao qu\u00e1 tr\u00ecnh h\u1ecdc t\u1eadp.<\/p>\n\n\n\n<p class=\"width-full has-roboto-font-family has-custom-font\" style=\"font-family:Roboto\"><br><strong>Python Full Course for Beginners [2025] on Youtube by Mosh Hamedani [Beginner]<\/strong><\/p>\n\n\n\n<p class=\"width-full has-roboto-font-family has-custom-font\" style=\"font-family:Roboto\"><a href=\"https:\/\/www.youtube.com\/watch?v=K5KVEU3aaeQ\" data-type=\"link\" data-id=\"https:\/\/www.youtube.com\/watch?v=K5KVEU3aaeQ\" target=\"_blank\" rel=\"noreferrer noopener\">Li\u00ean k\u1ebft kh\u00f3a h\u1ecdc<\/a><br>Th\u1eddi l\u01b0\u1ee3ng video: 2 gi\u1edd (D\u1ef1 ki\u1ebfn 20 gi\u1edd \u0111\u1ec3 h\u1ecdc k\u1ef9 t\u00e0i li\u1ec7u).<br>Kh\u00f3a h\u1ecdc Python \u0111\u01b0\u1ee3c t\u1ed5 ch\u1ee9c t\u1ed1t v\u00e0 c\u00f3 nh\u1ecbp \u0111\u1ed9 nhanh n\u00e0y \u0111\u01b0\u1ee3c thi\u1ebft k\u1ebf d\u00e0nh cho ng\u01b0\u1eddi m\u1edbi b\u1eaft \u0111\u1ea7u, cung c\u1ea5p ph\u1ea7n gi\u1edbi thi\u1ec7u to\u00e0n di\u1ec7n ch\u1ec9 trong h\u01a1n 2 gi\u1edd.<\/p>\n\n\n\n<p class=\"width-full has-roboto-font-family has-custom-font\" style=\"font-family:Roboto\"><br><strong>ChatGPT Prompt Engineering for Developers by Isa Fulford, Andrew Ng [Beginner]<\/strong><\/p>\n\n\n\n<p class=\"width-full has-roboto-font-family has-custom-font\" style=\"font-family:Roboto\"><a href=\"https:\/\/learn.deeplearning.ai\/courses\/chatgpt-prompt-eng\/\" data-type=\"link\" data-id=\"https:\/\/learn.deeplearning.ai\/courses\/chatgpt-prompt-eng\/\" target=\"_blank\" rel=\"noreferrer noopener\">Li\u00ean k\u1ebft kh\u00f3a h\u1ecdc<\/a><br>Th\u1eddi l\u01b0\u1ee3ng video: 1 gi\u1edd 30 ph\u00fat. (D\u1ef1 ki\u1ebfn 6 gi\u1edd \u0111\u1ec3 h\u1ecdc k\u1ef9 t\u00e0i li\u1ec7u).<br>ChatGPT Prompt Engineering d\u00e0nh cho nh\u00e0 ph\u00e1t tri\u1ec3n l\u00e0 kh\u00f3a h\u1ecdc ng\u1eafn g\u1ecdn, th\u00e2n thi\u1ec7n v\u1edbi ng\u01b0\u1eddi m\u1edbi b\u1eaft \u0111\u1ea7u, \u0111\u01b0\u1ee3c thi\u1ebft k\u1ebf \u0111\u1ec3 trang b\u1ecb cho c\u00e1c nh\u00e0 ph\u00e1t tri\u1ec3n nh\u1eefng k\u1ef9 n\u0103ng th\u1ef1c t\u1ebf \u0111\u1ec3 t\u1eadn d\u1ee5ng c\u00e1c m\u00f4 h\u00ecnh ng\u00f4n ng\u1eef l\u1edbn (LLM) nh\u01b0 ChatGPT th\u00f4ng qua API OpenAI.<\/p>\n<\/div>\n\n\n\n<div id=\"english\" class=\"wp-block-group learning-series-item is-vertical is-content-justification-left is-layout-flex wp-container-core-group-is-layout-155a8886 wp-block-group-is-layout-flex\" style=\"margin-top:0;margin-bottom:0;padding-top:calc( 0.5 * var(--wp--style--root--padding-right, var(--wp--custom--gap--horizontal)));padding-right:var(--wp--style--root--padding-right, var(--wp--custom--gap--horizontal));padding-bottom:calc( 0.5 * var(--wp--style--root--padding-right, var(--wp--custom--gap--horizontal)));padding-left:var(--wp--style--root--padding-left, var(--wp--custom--gap--horizontal))\">\n<figure class=\"wp-block-image size-full is-resized learning-image\"><img loading=\"lazy\" decoding=\"async\" width=\"858\" height=\"650\" src=\"https:\/\/shadeofhue.com\/wp-content\/uploads\/2025\/05\/English-Training-1.png\" alt=\"\" class=\"wp-image-22223\" style=\"width:auto;height:300px\"\/><\/figure>\n\n\n\n<div class=\"wp-block-group w-full is-nowrap is-layout-flex wp-container-core-group-is-layout-ad2f72ca wp-block-group-is-layout-flex\">\n<figure class=\"wp-block-image size-full is-resized\"><img loading=\"lazy\" decoding=\"async\" width=\"60\" height=\"60\" src=\"https:\/\/shadeofhue.com\/wp-content\/uploads\/2025\/05\/Frame-7.png\" alt=\"\" class=\"wp-image-22225\" style=\"width:25px;height:auto\"\/><\/figure>\n\n\n\n<h2 class=\"wp-block-heading has-roboto-font-family has-custom-font\" style=\"font-family:Roboto\">English<\/h2>\n<\/div>\n\n\n\n<p class=\"width-full has-roboto-font-family has-custom-font\" style=\"font-family:Roboto\"><strong>A2 (CEFR Basic User) English for Developers (Beta) Certification by freecodecamp.org<\/strong><\/p>\n\n\n\n<p class=\"width-full has-roboto-font-family has-custom-font\" style=\"font-family:Roboto\"><a href=\"https:\/\/www.freecodecamp.org\/learn\/a2-english-for-developers\/\" data-type=\"link\" data-id=\"https:\/\/www.freecodecamp.org\/learn\/a2-english-for-developers\/\" target=\"_blank\" rel=\"noreferrer noopener\">Li\u00ean k\u1ebft kh\u00f3a h\u1ecdc<\/a><br>Kh\u00f3a h\u1ecdc tr\u00ecnh \u0111\u1ed9 A2 n\u00e0y \u0111\u01b0\u1ee3c thi\u1ebft k\u1ebf \u0111\u1ec3 gi\u00fap c\u00e1c nh\u00e0 ph\u00e1t tri\u1ec3n x\u00e2y d\u1ef1ng c\u00e1c k\u1ef9 n\u0103ng giao ti\u1ebfp ti\u1ebfng Anh thi\u1ebft y\u1ebfu cho c\u00e1c t\u01b0\u01a1ng t\u00e1c h\u00e0ng ng\u00e0y v\u00e0 t\u1ea1i n\u01a1i l\u00e0m vi\u1ec7c.<\/p>\n\n\n\n<p class=\"width-full has-roboto-font-family has-custom-font\" style=\"font-family:Roboto\"><br><strong>B1 (CEFR Independent User) English for Developers (Beta) Certification by freecodecamp.org<\/strong><\/p>\n\n\n\n<p class=\"width-full has-roboto-font-family has-custom-font\" style=\"font-family:Roboto\"><a href=\"https:\/\/www.freecodecamp.org\/learn\/b1-english-for-developers\/\" data-type=\"link\" data-id=\"https:\/\/www.freecodecamp.org\/learn\/b1-english-for-developers\/\" target=\"_blank\" rel=\"noreferrer noopener\">Li\u00ean k\u1ebft kh\u00f3a h\u1ecdc<\/a><br>D\u00e0nh cho ng\u01b0\u1eddi h\u1ecdc \u1edf tr\u00ecnh \u0111\u1ed9 trung c\u1ea5p, kh\u00f3a h\u1ecdc tr\u00ecnh \u0111\u1ed9 B1 n\u00e0y l\u00fd t\u01b0\u1edfng cho c\u00e1c nh\u00e0 ph\u00e1t tri\u1ec3n mu\u1ed1n v\u01b0\u1ee3t qua tr\u00ecnh \u0111\u1ed9 ti\u1ebfng Anh c\u01a1 b\u1ea3n \u0111\u1ec3 h\u01b0\u1edbng t\u1edbi kh\u1ea3 n\u0103ng giao ti\u1ebfp t\u1ef1 tin, \u0111\u1ed9c l\u1eadp trong m\u00f4i tr\u01b0\u1eddng k\u1ef9 thu\u1eadt.<\/p>\n<\/div>\n<\/div>\n\n\n\n<div style=\"height:100px\" aria-hidden=\"true\" class=\"wp-block-spacer\"><\/div>\n\n\n\n<div class=\"wp-block-group learning-series-item-wrap is-content-justification-center is-nowrap is-layout-flex wp-container-core-group-is-layout-079bfc22 wp-block-group-is-layout-flex\">\n<div class=\"wp-block-group learning-series-item is-vertical is-content-justification-left is-layout-flex wp-container-core-group-is-layout-155a8886 wp-block-group-is-layout-flex\" style=\"margin-top:0;margin-bottom:0;padding-top:calc( 0.5 * var(--wp--style--root--padding-right, var(--wp--custom--gap--horizontal)));padding-right:var(--wp--style--root--padding-right, var(--wp--custom--gap--horizontal));padding-bottom:calc( 0.5 * var(--wp--style--root--padding-right, var(--wp--custom--gap--horizontal)));padding-left:var(--wp--style--root--padding-left, var(--wp--custom--gap--horizontal))\">\n<figure class=\"wp-block-image size-full is-resized learning-image\"><img loading=\"lazy\" decoding=\"async\" width=\"478\" height=\"358\" src=\"https:\/\/shadeofhue.com\/wp-content\/uploads\/2025\/05\/emiliano-vittoriosi-fvxNerA8uk0-unsplash-1.png\" alt=\"\" class=\"wp-image-22227\" style=\"object-fit:cover;width:618px;height:300px\"\/><\/figure>\n\n\n\n<div class=\"wp-block-group w-full is-nowrap is-layout-flex wp-container-core-group-is-layout-ad2f72ca wp-block-group-is-layout-flex\">\n<figure class=\"wp-block-image size-full is-resized\"><img loading=\"lazy\" decoding=\"async\" width=\"60\" height=\"60\" src=\"https:\/\/shadeofhue.com\/wp-content\/uploads\/2025\/05\/Frame-5.png\" alt=\"\" class=\"wp-image-22229\" style=\"width:25px;height:auto\"\/><\/figure>\n\n\n\n<h2 class=\"wp-block-heading has-roboto-font-family has-custom-font\" style=\"font-family:Roboto\">Ki\u1ebfn th\u1ee9c v\u1ec1 AI<\/h2>\n<\/div>\n\n\n\n<p class=\"width-full has-roboto-font-family has-custom-font\" style=\"font-family:Roboto\"><strong>AI for Everyone by Andrew Ng (C\u00f3 ph\u1ee5 \u0111\u1ec1 ti\u1ebfng Vi\u1ec7t)<\/strong><\/p>\n\n\n\n<p class=\"width-full has-roboto-font-family has-custom-font\" style=\"font-family:Roboto\"><a href=\"https:\/\/www.coursera.org\/learn\/ai-for-everyone\/\" data-type=\"link\" data-id=\"https:\/\/www.coursera.org\/learn\/ai-for-everyone\/\" target=\"_blank\" rel=\"noreferrer noopener\">Li\u00ean k\u1ebft kh\u00f3a h\u1ecdc<\/a><strong><br><\/strong>Th\u1eddi l\u01b0\u1ee3ng video: 5 gi\u1edd.<br>\u0110\u00e2y l\u00e0 m\u1ed9t kh\u00f3a h\u1ecdc tuy\u1ec7t v\u1eddi gi\u1edbi thi\u1ec7u v\u1ec1 c\u00e1c ki\u1ebfn th\u1ee9c c\u01a1 b\u1ea3n v\u1ec1 AI. Kh\u00f3a h\u1ecdc phi k\u1ef9 thu\u1eadt n\u00e0y gi\u00fap b\u1ea5t k\u1ef3 ai, \u0111\u1eb7c bi\u1ec7t l\u00e0 nh\u1eefng ng\u01b0\u1eddi kh\u00f4ng ph\u1ea3i k\u1ef9 s\u01b0, hi\u1ec3u \u0111\u01b0\u1ee3c c\u00e1c kh\u00e1i ni\u1ec7m v\u1ec1 AI.<\/p>\n<\/div>\n\n\n\n<div id=\"api-testing\" class=\"wp-block-group learning-series-item is-vertical is-content-justification-left is-layout-flex wp-container-core-group-is-layout-155a8886 wp-block-group-is-layout-flex\" style=\"margin-top:0;margin-bottom:0;padding-top:calc( 0.5 * var(--wp--style--root--padding-right, var(--wp--custom--gap--horizontal)));padding-right:var(--wp--style--root--padding-right, var(--wp--custom--gap--horizontal));padding-bottom:calc( 0.5 * var(--wp--style--root--padding-right, var(--wp--custom--gap--horizontal)));padding-left:var(--wp--style--root--padding-left, var(--wp--custom--gap--horizontal))\">\n<figure class=\"wp-block-image size-full is-resized learning-image\"><img loading=\"lazy\" decoding=\"async\" width=\"532\" height=\"358\" src=\"https:\/\/shadeofhue.com\/wp-content\/uploads\/2025\/05\/rubaitul-azad-FPK6K5OUFVA-unsplash-1.png\" alt=\"\" class=\"wp-image-22228\" style=\"width:auto;height:300px\"\/><\/figure>\n\n\n\n<div class=\"wp-block-group w-full is-nowrap is-layout-flex wp-container-core-group-is-layout-ad2f72ca wp-block-group-is-layout-flex\">\n<figure class=\"wp-block-image size-full is-resized\"><img loading=\"lazy\" decoding=\"async\" width=\"60\" height=\"60\" src=\"https:\/\/shadeofhue.com\/wp-content\/uploads\/2025\/05\/Frame-6.png\" alt=\"\" class=\"wp-image-22230\" style=\"width:25px;height:auto\"\/><\/figure>\n\n\n\n<h2 class=\"wp-block-heading has-roboto-font-family has-custom-font\" style=\"font-family:Roboto\">API Testing<\/h2>\n<\/div>\n\n\n\n<p class=\"width-full has-roboto-font-family has-custom-font\" style=\"font-family:Roboto\"><strong>API Testing Path by Postman<\/strong><\/p>\n\n\n\n<p class=\"width-full has-roboto-font-family has-custom-font\" style=\"font-family:Roboto\"><a href=\"https:\/\/academy.postman.com\/path\/api-testing-path\" data-type=\"link\" data-id=\"https:\/\/academy.postman.com\/path\/api-testing-path\" target=\"_blank\" rel=\"noreferrer noopener\">Li\u00ean k\u1ebft kh\u00f3a h\u1ecdc<\/a><br>Kh\u00f3a h\u1ecdc n\u00e0y l\u00e0 ph\u1ea7n gi\u1edbi thi\u1ec7u th\u1ef1c h\u00e0nh v\u1ec1 th\u1eed nghi\u1ec7m API t\u1eadp trung v\u00e0o Postman, l\u00fd t\u01b0\u1edfng cho nh\u1eefng ng\u01b0\u1eddi c\u00f3 nguy\u1ec7n v\u1ecdng tr\u1edf th\u00e0nh k\u1ef9 s\u01b0 ki\u1ec3m th\u1eed.<\/p>\n<\/div>\n<\/div>\n<\/div><\/div>","protected":false},"excerpt":{"rendered":"<p>Learning Series Pragmatic Software Test Engineers Test Automation Engineering (with Selenium) Testing AI Systems and Testing with AI Python API Testing Methods and Tools English (If English is your second language) FREE Curated and Recommended Courses Python AI Python for &hellip; <\/p>","protected":false},"author":2,"featured_media":0,"parent":0,"menu_order":0,"comment_status":"closed","ping_status":"closed","template":"","meta":{"_coblocks_attr":"","_coblocks_dimensions":"","_coblocks_responsive_height":"","_coblocks_accordion_ie_support":"","footnotes":""},"class_list":["post-22061","page","type-page","status-publish","hentry"],"acf":[],"_links":{"self":[{"href":"https:\/\/shadeofhue.com\/vi\/wp-json\/wp\/v2\/pages\/22061","targetHints":{"allow":["GET"]}}],"collection":[{"href":"https:\/\/shadeofhue.com\/vi\/wp-json\/wp\/v2\/pages"}],"about":[{"href":"https:\/\/shadeofhue.com\/vi\/wp-json\/wp\/v2\/types\/page"}],"author":[{"embeddable":true,"href":"https:\/\/shadeofhue.com\/vi\/wp-json\/wp\/v2\/users\/2"}],"replies":[{"embeddable":true,"href":"https:\/\/shadeofhue.com\/vi\/wp-json\/wp\/v2\/comments?post=22061"}],"version-history":[{"count":22,"href":"https:\/\/shadeofhue.com\/vi\/wp-json\/wp\/v2\/pages\/22061\/revisions"}],"predecessor-version":[{"id":22309,"href":"https:\/\/shadeofhue.com\/vi\/wp-json\/wp\/v2\/pages\/22061\/revisions\/22309"}],"wp:attachment":[{"href":"https:\/\/shadeofhue.com\/vi\/wp-json\/wp\/v2\/media?parent=22061"}],"curies":[{"name":"wp","href":"https:\/\/api.w.org\/{rel}","templated":true}]}}