{"id":22072,"date":"2025-04-25T16:30:08","date_gmt":"2025-04-25T09:30:08","guid":{"rendered":"https:\/\/shadeofhue.com\/?page_id=22072"},"modified":"2025-05-05T17:12:39","modified_gmt":"2025-05-05T10:12:39","slug":"step2aiqa-roadmap","status":"publish","type":"page","link":"https:\/\/shadeofhue.com\/vi\/step2aiqa-roadmap\/","title":{"rendered":"L\u1ed9 tr\u00ecnh STeP2AIQA"},"content":{"rendered":"<div class=\"wp-block-group row road-map-wrap\" style=\"font-size:18px\"><div class=\"wp-block-group__inner-container is-layout-constrained wp-block-group-is-layout-constrained\">\n<div class=\"wp-block-group road-map-row coblocks-animate is-content-justification-space-between is-nowrap is-layout-flex wp-container-core-group-is-layout-eaacdc6a wp-block-group-is-layout-flex\" data-coblocks-animation=\"slideInLeft\">\n<div class=\"wp-block-group road-map-item is-vertical is-layout-flex wp-container-core-group-is-layout-68afab4e wp-block-group-is-layout-flex\">\n<div class=\"wp-block-group is-content-justification-left is-nowrap is-layout-flex wp-container-core-group-is-layout-f56a869c wp-block-group-is-layout-flex\"><div class=\"wp-block-coblocks-icon has-text-align-left is-style-filled\">\n\t\t\t\t<div class=\"wp-block-coblocks-icon__inner\" style=\"height: 32px; width: 32px;\">\n\t\t\t\t\t<svg fill=\"none\" xmlns=\"http:\/\/www.w3.org\/2000\/svg\" viewbox=\"0 0 24 24\"><g fill=\"currentColor\"><path d=\"M21,5c-1.11-0.35-2.33-0.5-3.5-0.5c-1.95,0-4.05,0.4-5.5,1.5c-1.45-1.1-3.55-1.5-5.5-1.5S2.45,4.9,1,6v14.65 c0,0.25,0.25,0.5,0.5,0.5c0.1,0,0.15-0.05,0.25-0.05C3.1,20.45,5.05,20,6.5,20c1.95,0,4.05,0.4,5.5,1.5c1.35-0.85,3.8-1.5,5.5-1.5 c1.65,0,3.35,0.3,4.75,1.05c0.1,0.05,0.15,0.05,0.25,0.05c0.25,0,0.5-0.25,0.5-0.5V6C22.4,5.55,21.75,5.25,21,5z M21,18.5 c-1.1-0.35-2.3-0.5-3.5-0.5c-1.7,0-4.15,0.65-5.5,1.5V8c1.35-0.85,3.8-1.5,5.5-1.5c1.2,0,2.4,0.15,3.5,0.5V18.5z\" \/><path d=\"M17.5,10.5c0.88,0,1.73,0.09,2.5,0.26V9.24C19.21,9.09,18.36,9,17.5,9c-1.7,0-3.24,0.29-4.5,0.83v1.66 C14.13,10.85,15.7,10.5,17.5,10.5z\" \/><path d=\"M13,12.49v1.66c1.13-0.64,2.7-0.99,4.5-0.99c0.88,0,1.73,0.09,2.5,0.26V11.9c-0.79-0.15-1.64-0.24-2.5-0.24 C15.8,11.66,14.26,11.96,13,12.49z\" \/><path d=\"M17.5,14.33c-1.7,0-3.24,0.29-4.5,0.83v1.66c1.13-0.64,2.7-0.99,4.5-0.99c0.88,0,1.73,0.09,2.5,0.26v-1.52 C19.21,14.41,18.36,14.33,17.5,14.33z\" \/><\/g><\/svg>\n\t\t\t\t<\/div>\n\t\t\t<\/div>\n\n\n<p class=\"has-text-align-center is-style-default has-roboto-font-family has-large-font-size has-custom-font\" style=\"font-family:Roboto\">Ki\u1ebfn th\u1ee9c ki\u1ec3m th\u1eed ph\u1ea7n m\u1ec1m<\/p>\n<\/div>\n\n\n\n<p>C\u01a1 b\u1ea3n v\u1ec1 ph\u00e1t tri\u1ec3n ph\u1ea7n m\u1ec1m<\/p>\n\n\n\n<p class=\"has-roboto-font-family has-custom-font\" style=\"font-family:Roboto\">C\u01a1 b\u1ea3n v\u1ec1 ki\u1ec3m th\u1eed ph\u1ea7n m\u1ec1m v\u00e0 \u0111\u1ea3m b\u1ea3o ch\u1ea5t l\u01b0\u1ee3ng<\/p>\n\n\n\n<p>Ph\u01b0\u01a1ng ph\u00e1p v\u00e0 k\u1ef9 thu\u1eadt ki\u1ec3m tra v\u00e0 thi\u1ebft k\u1ebf ki\u1ec3m tra<\/p>\n\n\n\n<p>Chi\u1ebfn l\u01b0\u1ee3c v\u00e0 k\u1ebf ho\u1ea1ch th\u1eed nghi\u1ec7m<\/p>\n<\/div>\n\n\n\n<div class=\"wp-block-group road-map-item is-vertical is-layout-flex wp-container-core-group-is-layout-68afab4e wp-block-group-is-layout-flex\">\n<div class=\"wp-block-group is-content-justification-left is-nowrap is-layout-flex wp-container-core-group-is-layout-f56a869c wp-block-group-is-layout-flex\">\n<figure class=\"wp-block-image size-full is-resized\"><img decoding=\"async\" width=\"60\" height=\"48\" src=\"https:\/\/shadeofhue.com\/wp-content\/uploads\/2025\/05\/Vector-1.png\" alt=\"\" class=\"wp-image-22232\" style=\"width:30px\"\/><\/figure>\n\n\n\n<p class=\"has-text-align-center is-style-default has-roboto-font-family has-large-font-size has-custom-font\" style=\"font-family:Roboto\">Ki\u1ebfn th\u1ee9c l\u1eadp tr\u00ecnh<\/p>\n<\/div>\n\n\n\n<ul class=\"wp-block-list list-style-none\">\n<li>Ng\u00f4n ng\u1eef l\u1eadp tr\u00ecnh\n<ul class=\"wp-block-list\">\n<li><strong><em>Python (Khuy\u1ebfn kh\u00edch)<\/em><\/strong><\/li>\n\n\n\n<li>Java<\/li>\n\n\n\n<li>TypeScript<\/li>\n\n\n\n<li>JavaScript<\/li>\n<\/ul>\n<\/li>\n\n\n\n<li>Version Control\n<ul class=\"wp-block-list\">\n<li>Git, GitHub\/GitLab<\/li>\n<\/ul>\n<\/li>\n\n\n\n<li>Ki\u1ebfn th\u1ee9c c\u01a1 b\u1ea3n v\u1ec1 OOP, C\u1ea5u tr\u00fac d\u1eef li\u1ec7u v\u00e0 Thu\u1eadt to\u00e1n<\/li>\n<\/ul>\n<\/div>\n<\/div>\n\n\n\n<div style=\"height:100px\" aria-hidden=\"true\" class=\"wp-block-spacer\"><\/div>\n\n\n\n<div class=\"wp-block-group road-map-row coblocks-animate is-content-justification-space-between is-nowrap is-layout-flex wp-container-core-group-is-layout-eaacdc6a wp-block-group-is-layout-flex\" data-coblocks-animation=\"slideInRight\">\n<div class=\"wp-block-group road-map-item is-vertical is-layout-flex wp-container-core-group-is-layout-68afab4e wp-block-group-is-layout-flex\">\n<div class=\"wp-block-group is-content-justification-left is-nowrap is-layout-flex wp-container-core-group-is-layout-f56a869c wp-block-group-is-layout-flex\">\n<figure class=\"wp-block-image size-full is-resized\"><img decoding=\"async\" width=\"60\" height=\"60\" src=\"https:\/\/shadeofhue.com\/wp-content\/uploads\/2025\/05\/Frame-5-1.png\" alt=\"\" class=\"wp-image-22233\" style=\"width:30px\"\/><\/figure>\n\n\n\n<p class=\"has-text-align-center is-style-default has-roboto-font-family has-large-font-size has-custom-font\" style=\"font-family:Roboto\">Ki\u1ebfn th\u1ee9c v\u1ec1 AI<\/p>\n<\/div>\n\n\n\n<p class=\"has-roboto-font-family has-custom-font\" style=\"font-family:Roboto\">AI &amp; Machine Learning Basics (Machine Learning Concepts, Supervised vs. Unsupervised Learning, Neural Networks &amp; Deep Learning, LLMs, Model Evaluation &amp; Metrics, etc.)<\/p>\n\n\n\n<p>Prompt Engineering<\/p>\n<\/div>\n\n\n\n<div class=\"wp-block-group road-map-item is-vertical is-layout-flex wp-container-core-group-is-layout-68afab4e wp-block-group-is-layout-flex\">\n<div class=\"wp-block-group is-content-justification-left is-nowrap is-layout-flex wp-container-core-group-is-layout-f56a869c wp-block-group-is-layout-flex\">\n<figure class=\"wp-block-image size-full is-resized\"><img decoding=\"async\" width=\"60\" height=\"60\" src=\"https:\/\/shadeofhue.com\/wp-content\/uploads\/2025\/05\/Frame-1.png\" alt=\"\" class=\"wp-image-22234\" style=\"width:30px\"\/><\/figure>\n\n\n\n<p class=\"has-text-align-center has-roboto-font-family has-large-font-size has-custom-font\" style=\"font-family:Roboto\">K\u1ef9 thu\u1eadt ki\u1ec3m th\u1eed ph\u1ea7n m\u1ec1m v\u00e0 ki\u1ebfn th\u1ee9c t\u1ef1 \u0111\u1ed9ng h\u00f3a<\/p>\n<\/div>\n\n\n\n<p class=\"has-roboto-font-family has-custom-font\" style=\"font-family:Roboto\"><strong><em>*Ph\u01b0\u01a1ng ph\u00e1p v\u00e0 c\u00f4ng c\u1ee5 ki\u1ec3m tra API<\/em><\/strong><\/p>\n\n\n\n<p class=\"has-roboto-font-family has-custom-font\" style=\"font-family:Roboto\"><strong><em>*Ph\u01b0\u01a1ng ph\u00e1p v\u00e0 c\u00f4ng c\u1ee5 t\u1ef1 \u0111\u1ed9ng h\u00f3a ki\u1ec3m tra UI<\/em><\/strong><\/p>\n\n\n\n<p class=\"has-roboto-font-family has-custom-font\" style=\"font-family:Roboto\">T\u00edch h\u1ee3p li\u00ean t\u1ee5c, Ki\u1ec3m th\u1eed v\u00e0 Tri\u1ec3n khai (CI\/CD cho t\u1ea5t c\u1ea3)<\/p>\n<\/div>\n<\/div>\n\n\n\n<div style=\"height:100px\" aria-hidden=\"true\" class=\"wp-block-spacer\"><\/div>\n\n\n\n<div class=\"wp-block-group road-map-row coblocks-animate is-content-justification-space-between is-nowrap is-layout-flex wp-container-core-group-is-layout-eaacdc6a wp-block-group-is-layout-flex\" data-coblocks-animation=\"slideInLeft\">\n<div class=\"wp-block-group road-map-item is-vertical is-layout-flex wp-container-core-group-is-layout-68afab4e wp-block-group-is-layout-flex\">\n<div class=\"wp-block-group is-content-justification-left is-nowrap is-layout-flex wp-container-core-group-is-layout-f56a869c wp-block-group-is-layout-flex\">\n<figure class=\"wp-block-image size-full is-resized\"><img loading=\"lazy\" decoding=\"async\" width=\"60\" height=\"60\" src=\"https:\/\/shadeofhue.com\/wp-content\/uploads\/2025\/05\/Frame-2.png\" alt=\"\" class=\"wp-image-22236\" style=\"width:30px\"\/><\/figure>\n\n\n\n<p class=\"has-text-align-center is-style-default has-roboto-font-family has-large-font-size has-custom-font\" style=\"font-family:Roboto\">AI trong Ki\u1ec3m th\u1eed<\/p>\n<\/div>\n\n\n\n<p class=\"has-roboto-font-family has-custom-font\" style=\"font-family:Roboto\">AI-powered Software Testing<\/p>\n\n\n\n<p>Ki\u1ec3m th\u1eed c\u00e1c ph\u01b0\u01a1ng ph\u00e1p v\u00e0 c\u00f4ng c\u1ee5 c\u1ee7a h\u1ec7 th\u1ed1ng AI<\/p>\n<\/div>\n\n\n\n<div class=\"wp-block-group road-map-item is-vertical is-layout-flex wp-container-core-group-is-layout-68afab4e wp-block-group-is-layout-flex\">\n<div class=\"wp-block-group is-content-justification-left is-nowrap is-layout-flex wp-container-core-group-is-layout-f56a869c wp-block-group-is-layout-flex\">\n<figure class=\"wp-block-image size-full is-resized\"><img loading=\"lazy\" decoding=\"async\" width=\"60\" height=\"60\" src=\"https:\/\/shadeofhue.com\/wp-content\/uploads\/2025\/05\/Frame-3-1.png\" alt=\"\" class=\"wp-image-22237\" style=\"width:30px\"\/><\/figure>\n\n\n\n<p class=\"has-text-align-center is-style-default has-roboto-font-family has-large-font-size has-custom-font\" style=\"font-family:Roboto\">K\u1ef9 n\u0103ng m\u1ec1m<\/p>\n<\/div>\n\n\n\n<p class=\"has-roboto-font-family has-custom-font\" style=\"font-family:Roboto\"><strong><em>*English (N\u1ebfu ti\u1ebfng Anh l\u00e0 ng\u00f4n ng\u1eef th\u1ee9 hai)<\/em><\/strong><\/p>\n\n\n\n<p class=\"has-roboto-font-family has-custom-font\" style=\"font-family:Roboto\">Giao ti\u1ebfp<\/p>\n\n\n\n<p class=\"has-roboto-font-family has-custom-font\" style=\"font-family:Roboto\">D\u1ef1 \u00e1n v\u00e0 ng\u01b0\u1eddi d\u1eabn \u0111\u1ea7u<\/p>\n<\/div>\n<\/div>\n\n\n\n<div style=\"height:100px\" aria-hidden=\"true\" class=\"wp-block-spacer\"><\/div>\n\n\n\n<div class=\"wp-block-group road-map-row coblocks-animate is-content-justification-space-between is-nowrap is-layout-flex wp-container-core-group-is-layout-eaacdc6a wp-block-group-is-layout-flex\" data-coblocks-animation=\"slideInRight\">\n<div class=\"wp-block-group road-map-item is-vertical is-layout-flex wp-container-core-group-is-layout-68afab4e wp-block-group-is-layout-flex\">\n<div class=\"wp-block-group is-content-justification-left is-nowrap is-layout-flex wp-container-core-group-is-layout-f56a869c wp-block-group-is-layout-flex\">\n<figure class=\"wp-block-image size-full is-resized\"><img loading=\"lazy\" decoding=\"async\" width=\"60\" height=\"60\" src=\"https:\/\/shadeofhue.com\/wp-content\/uploads\/2025\/05\/Frame-4.png\" alt=\"\" class=\"wp-image-22238\" style=\"width:30px\"\/><\/figure>\n\n\n\n<p class=\"has-text-align-center is-style-default has-roboto-font-family has-large-font-size has-custom-font\" style=\"font-family:Roboto\">Chuy\u00ean m\u00f4n h\u00f3a<\/p>\n<\/div>\n\n\n\n<p class=\"has-roboto-font-family has-custom-font\" style=\"font-family:Roboto\">Ki\u1ec3m th\u1eed b\u1ea3o m\u1eadt<\/p>\n\n\n\n<p class=\"has-roboto-font-family has-custom-font\" style=\"font-family:Roboto\">Ki\u1ec3m th\u1eed Hi\u1ec7u su\u1ea5t<\/p>\n<\/div>\n\n\n\n<div class=\"wp-block-group is-vertical is-layout-flex wp-container-core-group-is-layout-68afab4e wp-block-group-is-layout-flex\"><\/div>\n<\/div>\n\n\n\n<div style=\"height:100px\" aria-hidden=\"true\" class=\"wp-block-spacer\"><\/div>\n<\/div><\/div>\n\n\n\n<div class=\"wp-block-group is-vertical is-content-justification-center is-layout-flex wp-container-core-group-is-layout-4b2eccd6 wp-block-group-is-layout-flex\">\n<figure class=\"wp-block-image size-full is-style-default coblocks-animate\" data-coblocks-animation=\"fadeIn\"><img loading=\"lazy\" decoding=\"async\" width=\"1384\" height=\"1340\" src=\"https:\/\/shadeofhue.com\/wp-content\/uploads\/2025\/05\/image.png\" alt=\"\" class=\"wp-image-22239\"\/><\/figure>\n<\/div>","protected":false},"excerpt":{"rendered":"<p>Software Testing Literacy Software development basics Software Testing and QA Fundamentals Testing and Test Designs Methods and Techniques Testing strategies and planning Programming Literacy AI Literacy AI &amp; Machine Learning Basics (Machine Learning Concepts, Supervised vs. Unsupervised Learning, Neural Networks &hellip; <\/p>","protected":false},"author":2,"featured_media":0,"parent":0,"menu_order":0,"comment_status":"closed","ping_status":"closed","template":"","meta":{"_coblocks_attr":"","_coblocks_dimensions":"","_coblocks_responsive_height":"","_coblocks_accordion_ie_support":"","footnotes":""},"class_list":["post-22072","page","type-page","status-publish","hentry"],"acf":[],"_links":{"self":[{"href":"https:\/\/shadeofhue.com\/vi\/wp-json\/wp\/v2\/pages\/22072","targetHints":{"allow":["GET"]}}],"collection":[{"href":"https:\/\/shadeofhue.com\/vi\/wp-json\/wp\/v2\/pages"}],"about":[{"href":"https:\/\/shadeofhue.com\/vi\/wp-json\/wp\/v2\/types\/page"}],"author":[{"embeddable":true,"href":"https:\/\/shadeofhue.com\/vi\/wp-json\/wp\/v2\/users\/2"}],"replies":[{"embeddable":true,"href":"https:\/\/shadeofhue.com\/vi\/wp-json\/wp\/v2\/comments?post=22072"}],"version-history":[{"count":9,"href":"https:\/\/shadeofhue.com\/vi\/wp-json\/wp\/v2\/pages\/22072\/revisions"}],"predecessor-version":[{"id":22240,"href":"https:\/\/shadeofhue.com\/vi\/wp-json\/wp\/v2\/pages\/22072\/revisions\/22240"}],"wp:attachment":[{"href":"https:\/\/shadeofhue.com\/vi\/wp-json\/wp\/v2\/media?parent=22072"}],"curies":[{"name":"wp","href":"https:\/\/api.w.org\/{rel}","templated":true}]}}